{"id":5049,"date":"2021-05-04T06:15:54","date_gmt":"2021-05-04T06:15:54","guid":{"rendered":"http:\/\/disoler.com\/dev\/?page_id=5049"},"modified":"2021-05-04T06:55:14","modified_gmt":"2021-05-04T06:55:14","slug":"reformas-banos","status":"publish","type":"page","link":"https:\/\/disoler.com\/cat\/servicios\/reformas-banos\/","title":{"rendered":"reformes banys"},"content":{"rendered":"<div data-elementor-type=\"wp-page\" data-elementor-id=\"5049\" class=\"elementor elementor-5049\" data-elementor-settings=\"[]\">\n\t\t\t\t\t\t\t<div class=\"elementor-section-wrap\">\n\t\t\t\t\t\t\t<section class=\"elementor-section elementor-top-section elementor-element elementor-element-8807e2c elementor-section-boxed elementor-section-height-default elementor-section-height-default\" data-id=\"8807e2c\" data-element_type=\"section\">\n\t\t\t\t\t\t<div class=\"elementor-container elementor-column-gap-extended\">\n\t\t\t\t\t<div class=\"elementor-column elementor-col-50 elementor-top-column elementor-element elementor-element-1633759 ot-flex-column-vertical\" data-id=\"1633759\" data-element_type=\"column\">\n\t\t\t<div class=\"elementor-widget-wrap elementor-element-populated\">\n\t\t\t\t\t\t\t\t<div class=\"elementor-element elementor-element-7ee26a1 elementor-widget elementor-widget-imenu\" data-id=\"7ee26a1\" data-element_type=\"widget\" data-widget_type=\"imenu.default\">\n\t\t\t\t<div class=\"elementor-widget-container\">\n\t\t\t\t\t\t\t\t\t\t<nav class=\"vertical-main-navigation\">\t\t\t\r\n\t\t\t\t\t<ul id=\"menu-left\" class=\"menu\"><li id=\"menu-item-5030\" class=\"menu-item menu-item-type-post_type menu-item-object-page menu-item-5030\"><a href=\"https:\/\/disoler.com\/cat\/servicios\/reformas-cocina\/\">reformes cuina<\/a><\/li>\n<li id=\"menu-item-5052\" class=\"menu-item menu-item-type-post_type menu-item-object-page menu-item-5052\"><a href=\"https:\/\/disoler.com\/cat\/servicios\/reformas-banos\/\">reformes banys<\/a><\/li>\n<li id=\"menu-item-5080\" class=\"menu-item menu-item-type-post_type menu-item-object-page menu-item-5080\"><a href=\"https:\/\/disoler.com\/cat\/servicios\/pavimentos-y-parquets\/\">Paviments i parquets<\/a><\/li>\n<li id=\"menu-item-5123\" class=\"menu-item menu-item-type-post_type menu-item-object-page menu-item-5123\"><a href=\"https:\/\/disoler.com\/cat\/servicios\/pintura\/\">pintura<\/a><\/li>\n<li id=\"menu-item-5135\" class=\"menu-item menu-item-type-post_type menu-item-object-page menu-item-5135\"><a href=\"https:\/\/disoler.com\/cat\/servicios\/carpinteria\/\">fusteria<\/a><\/li>\n<li id=\"menu-item-5142\" class=\"menu-item menu-item-type-post_type menu-item-object-page menu-item-5142\"><a href=\"https:\/\/disoler.com\/cat\/servicios\/reformas-interiores-instalaciones\/\">Reformes Interiors: Instal\u00b7lacions<\/a><\/li>\n<li id=\"menu-item-5163\" class=\"menu-item menu-item-type-post_type menu-item-object-page menu-item-5163\"><a href=\"https:\/\/disoler.com\/cat\/servicios\/reforma-y-disenno-de-oficinas\/\">Reforma i disseny d&#039;oficines<\/a><\/li>\n<li id=\"menu-item-5183\" class=\"menu-item menu-item-type-post_type menu-item-object-page menu-item-5183\"><a href=\"https:\/\/disoler.com\/cat\/servicios\/proyectos-de-interiorrismo-y-disenno-de-espacios\/\">Interiorisme i disseny d&#039;espais<\/a><\/li>\n<li id=\"menu-item-5199\" class=\"menu-item menu-item-type-post_type menu-item-object-page menu-item-5199\"><a href=\"https:\/\/disoler.com\/cat\/servicios\/reforma-de-locales\/\">Reformes de locals<\/a><\/li>\n<li id=\"menu-item-5221\" class=\"menu-item menu-item-type-post_type menu-item-object-page menu-item-5221\"><a href=\"https:\/\/disoler.com\/cat\/servicios\/reformas-integrales-de-viviendas\/\">Reformes integrals d&#039;habitatges<\/a><\/li>\n<li id=\"menu-item-5233\" class=\"menu-item menu-item-type-post_type menu-item-object-page menu-item-5233\"><a href=\"https:\/\/disoler.com\/cat\/servicios\/rehabilitacion-y-restauracion-de-fachadas\/\">Fa\u00e7anes<\/a><\/li>\n<li id=\"menu-item-5250\" class=\"menu-item menu-item-type-post_type menu-item-object-page menu-item-5250\"><a href=\"https:\/\/disoler.com\/cat\/servicios\/trabajos-en-escaleras-porterias-y-zonas-comunitarias\/\">Escales, porteries i zones comunit\u00e0ries<\/a><\/li>\n<li id=\"menu-item-5282\" class=\"menu-item menu-item-type-post_type menu-item-object-page menu-item-5282\"><a href=\"https:\/\/disoler.com\/cat\/servicios\/patios-exteriores-terrazas-y-jardines\/\">Patis exteriors, terrasses i jardins<\/a><\/li>\n<li id=\"menu-item-5299\" class=\"menu-item menu-item-type-post_type menu-item-object-page menu-item-5299\"><a href=\"https:\/\/disoler.com\/cat\/servicios\/reformas-exteriores-instalaciones\/\">Reformes exteriors: Instal\u00b7lacions<\/a><\/li>\n<li id=\"menu-item-5328\" class=\"menu-item menu-item-type-post_type menu-item-object-page menu-item-5328\"><a href=\"https:\/\/disoler.com\/cat\/servicios\/restauracion-y-reparacion-de-cubiertas\/\">Restauraci\u00f3 i reparaci\u00f3 i de cobertes<\/a><\/li>\n<li id=\"menu-item-5336\" class=\"menu-item menu-item-type-post_type menu-item-object-page menu-item-5336\"><a href=\"https:\/\/disoler.com\/cat\/servicios\/obra-nueva-construccion\/\">Obra nova construcci\u00f3<\/a><\/li>\n<\/ul>\t\t\t\t<\/nav>\r\n\t\t\t\t    \t\t<\/div>\n\t\t\t\t<\/div>\n\t\t\t\t\t<\/div>\n\t\t<\/div>\n\t\t\t\t<div class=\"elementor-column elementor-col-50 elementor-top-column elementor-element elementor-element-5716d59 ot-flex-column-vertical\" data-id=\"5716d59\" data-element_type=\"column\">\n\t\t\t<div class=\"elementor-widget-wrap elementor-element-populated\">\n\t\t\t\t\t\t\t\t<div class=\"elementor-element elementor-element-3719cf2 elementor-widget elementor-widget-iheading\" data-id=\"3719cf2\" data-element_type=\"widget\" data-widget_type=\"iheading.default\">\n\t\t\t\t<div class=\"elementor-widget-container\">\n\t\t\t\t\t<div class=\"ot-heading\">\r\n\t        \t            <span>[ reformes d&#039;interior ]<\/span>\r\n\t        \t        <h2 class=\"main-heading\">reformes banys<\/h2>\r\n\t        \t    <\/div>\r\n\t    \t\t<\/div>\n\t\t\t\t<\/div>\n\t\t\t\t<div class=\"elementor-element elementor-element-809b381 elementor-widget elementor-widget-text-editor\" data-id=\"809b381\" data-element_type=\"widget\" data-widget_type=\"text-editor.default\">\n\t\t\t\t<div class=\"elementor-widget-container\">\n\t\t\t\t\t\t\t<p>Voleu reformar el vostre bany? Canviar la banyera per un plat de dutxa? Adaptar el bany per a gent gran? Nosaltres us podem ajudar.<\/p><p><strong>DISSOLAR ESPAIS <\/strong>realitza tot tipus de banys, des de senzills i funcionals fins a disseny amb els millors materials. Ens ocupem de tot l&#039;assessorament del projecte del bany, treballem amb els millors prove\u00efdors del mercat, amb una ampl\u00edssima varietat de materials i acabats (showroom). Us ajudarem en l&#039;elecci\u00f3 de tots ells (per aconseguir una est\u00e8tica harmoniosa), tant de paviments, enrajolats, sanitaris i aixetes. <\/p>\t\t\t\t\t\t<\/div>\n\t\t\t\t<\/div>\n\t\t\t\t<div class=\"elementor-element elementor-element-182f751 elementor-widget elementor-widget-theratio-image-carousel\" data-id=\"182f751\" data-element_type=\"widget\" data-widget_type=\"theratio-image-carousel.default\">\n\t\t\t\t<div class=\"elementor-widget-container\">\n\t\t\t\r\n\t\t<div class=\"image-carousel swiper-container\" data-slider_options=\"{&quot;slides_show_desktop&quot;:4,&quot;slides_show_tablet&quot;:4,&quot;slides_show_mobile&quot;:4,&quot;slides_scroll_desktop&quot;:1,&quot;slides_scroll_tablet&quot;:1,&quot;slides_scroll_mobile&quot;:1,&quot;margin_desktop&quot;:30,&quot;margin_tablet&quot;:30,&quot;margin_mobile&quot;:30,&quot;arrows&quot;:false,&quot;dots&quot;:true}\"  >\t\t\t\r\n\t\t\t<div class=\"swiper-wrapper\">\r\n\t\t        <div class=\"swiper-slide\"><div class=\"img-item\"><figure><img decoding=\"async\" src=\"https:\/\/disoler.com\/wp-content\/uploads\/2021\/05\/reformas_bannos_13-150x150.jpg\" alt=\"\"><\/figure><\/div><\/div><div class=\"swiper-slide\"><div class=\"img-item\"><figure><img decoding=\"async\" src=\"https:\/\/disoler.com\/wp-content\/uploads\/2021\/05\/reformas_bannos_14-150x150.jpg\" alt=\"\"><\/figure><\/div><\/div><div class=\"swiper-slide\"><div class=\"img-item\"><figure><img decoding=\"async\" src=\"https:\/\/disoler.com\/wp-content\/uploads\/2021\/05\/reformas_bannos_13-150x150.jpg\" alt=\"\"><\/figure><\/div><\/div><div class=\"swiper-slide\"><div class=\"img-item\"><figure><img decoding=\"async\" src=\"https:\/\/disoler.com\/wp-content\/uploads\/2021\/05\/reformas_bannos_09-150x150.jpg\" alt=\"\"><\/figure><\/div><\/div><div class=\"swiper-slide\"><div class=\"img-item\"><figure><img decoding=\"async\" src=\"https:\/\/disoler.com\/wp-content\/uploads\/2021\/05\/reformas_bannos_04-150x150.jpg\" alt=\"\"><\/figure><\/div><\/div><div class=\"swiper-slide\"><div class=\"img-item\"><figure><img decoding=\"async\" src=\"https:\/\/disoler.com\/wp-content\/uploads\/2021\/05\/reformas_bannos_07-150x150.jpg\" alt=\"\"><\/figure><\/div><\/div><div class=\"swiper-slide\"><div class=\"img-item\"><figure><img decoding=\"async\" src=\"https:\/\/disoler.com\/wp-content\/uploads\/2021\/05\/reformas_bannos_08-150x150.jpg\" alt=\"\"><\/figure><\/div><\/div><div class=\"swiper-slide\"><div class=\"img-item\"><figure><img decoding=\"async\" src=\"https:\/\/disoler.com\/wp-content\/uploads\/2021\/05\/reformas_bannos_05-150x150.jpg\" alt=\"\"><\/figure><\/div><\/div>\t\t    <\/div>\r\n\r\n\t\t\t\t\t\t<!-- Add Dots -->\r\n\t\t\t<div class=\"octf-swiper-pagination\"><\/div>\r\n\t\t\t\t\t\t\t    <\/div>\r\n\t\t\t\t<\/div>\n\t\t\t\t<\/div>\n\t\t\t\t<div class=\"elementor-element elementor-element-4fc6566 elementor-widget elementor-widget-text-editor\" data-id=\"4fc6566\" data-element_type=\"widget\" data-widget_type=\"text-editor.default\">\n\t\t\t\t<div class=\"elementor-widget-container\">\n\t\t\t\t\t\t\t<p>El nostre departament d&#039;interiorisme s&#039;encarregar\u00e0 de fer una varietat de distribucions per aconseguir la que s&#039;adapti millor a les vostres necessitats.<\/p>\t\t\t\t\t\t<\/div>\n\t\t\t\t<\/div>\n\t\t\t\t<div class=\"elementor-element elementor-element-325c8a2 elementor-widget elementor-widget-image\" data-id=\"325c8a2\" data-element_type=\"widget\" data-widget_type=\"image.default\">\n\t\t\t\t<div class=\"elementor-widget-container\">\n\t\t\t\t\t\t\t\t\t\t\t\t\t\t\t<img loading=\"lazy\" decoding=\"async\" width=\"1375\" height=\"1000\" src=\"https:\/\/disoler.com\/wp-content\/uploads\/2021\/05\/reformas_bannos_03.jpg\" class=\"attachment-full size-full\" alt=\"\" srcset=\"https:\/\/disoler.com\/wp-content\/uploads\/2021\/05\/reformas_bannos_03.jpg 1375w, https:\/\/disoler.com\/wp-content\/uploads\/2021\/05\/reformas_bannos_03-300x218.jpg 300w, https:\/\/disoler.com\/wp-content\/uploads\/2021\/05\/reformas_bannos_03-1024x745.jpg 1024w, https:\/\/disoler.com\/wp-content\/uploads\/2021\/05\/reformas_bannos_03-768x559.jpg 768w\" sizes=\"(max-width: 1375px) 100vw, 1375px\" \/>\t\t\t\t\t\t\t\t\t\t\t\t\t\t\t<\/div>\n\t\t\t\t<\/div>\n\t\t\t\t\t<\/div>\n\t\t<\/div>\n\t\t\t\t\t\t\t<\/div>\n\t\t<\/section>\n\t\t\t\t\t\t<\/div>\n\t\t\t\t\t<\/div>","protected":false},"excerpt":{"rendered":"<p>Reformes cuina Reformes banys Paviments i parquets [ reformes d&#039;interior ] Reformes banys Voleu reformar el vostre bany? Canviar la banyera per un plat de dutxa? Adaptar el bany per a gent gran? Nosaltres us podem ajudar. DISOLER ESPAIS fa tot tipus banys, des de senzills i funcionals fins a disseny amb els millors materials. Ens ocupem de [\u2026]<\/p>","protected":false},"author":1,"featured_media":5999,"parent":4955,"menu_order":0,"comment_status":"closed","ping_status":"closed","template":"","meta":{"footnotes":""},"yoast_head":"<!-- This site is optimized with the Yoast SEO plugin v18.3 - https:\/\/yoast.com\/wordpress\/plugins\/seo\/ -->\n<title>Reformas ba\u00f1os - Disoler Espais S.L.<\/title>\n<meta name=\"robots\" content=\"index, follow, max-snippet:-1, max-image-preview:large, max-video-preview:-1\" \/>\n<link rel=\"canonical\" href=\"https:\/\/disoler.com\/cat\/servicios\/reformas-banos\/\" \/>\n<meta property=\"og:locale\" content=\"ca_ES\" \/>\n<meta property=\"og:type\" content=\"article\" \/>\n<meta property=\"og:title\" content=\"Reformas ba\u00f1os - Disoler Espais S.L.\" \/>\n<meta property=\"og:description\" content=\"Reformas cocina Reformas ba\u00f1os Pavimentos y parquets [ reformas de interior ] Reformas ba\u00f1os \u00bfQuiere reformar su ba\u00f1o? \u00bfCambiar la ba\u00f1era por un plato de ducha?\u00bfAdaptar el ba\u00f1o para personas mayores? Nosotros le podemos ayudar. DISOLER ESPAIS realiza todo tipo ba\u00f1os, desde sencillos y funcionales hasta de dise\u00f1o con los mejores materiales. Nos ocupamos de [&hellip;]\" \/>\n<meta property=\"og:url\" content=\"https:\/\/disoler.com\/cat\/servicios\/reformas-banos\/\" \/>\n<meta property=\"og:site_name\" content=\"Disoler Espais S.L.\" \/>\n<meta property=\"article:modified_time\" content=\"2021-05-04T06:55:14+00:00\" \/>\n<meta name=\"twitter:card\" content=\"summary_large_image\" \/>\n<meta name=\"twitter:image\" content=\"https:\/\/disoler.com\/wp-content\/uploads\/2021\/04\/logo_disoler_espais_final.svg\" \/>\n<meta name=\"twitter:label1\" content=\"Temps estimat de lectura\" \/>\n\t<meta name=\"twitter:data1\" content=\"1 minut\" \/>\n<script type=\"application\/ld+json\" class=\"yoast-schema-graph\">{\"@context\":\"https:\/\/schema.org\",\"@graph\":[{\"@type\":\"Organization\",\"@id\":\"https:\/\/disoler.com\/#organization\",\"name\":\"Disoler Espais S.L.\",\"url\":\"https:\/\/disoler.com\/\",\"sameAs\":[],\"logo\":{\"@type\":\"ImageObject\",\"@id\":\"https:\/\/disoler.com\/#logo\",\"inLanguage\":\"ca\",\"url\":\"https:\/\/disoler.com\/wp-content\/uploads\/2022\/03\/logo_disoler_espais_final.jpg\",\"contentUrl\":\"https:\/\/disoler.com\/wp-content\/uploads\/2022\/03\/logo_disoler_espais_final.jpg\",\"width\":240,\"height\":99,\"caption\":\"Disoler Espais S.L.\"},\"image\":{\"@id\":\"https:\/\/disoler.com\/#logo\"}},{\"@type\":\"WebSite\",\"@id\":\"https:\/\/disoler.com\/#website\",\"url\":\"https:\/\/disoler.com\/\",\"name\":\"Disoler Espais S.L.\",\"description\":\"Edificaci\u00f3n residencial, edificios y grandes instalaciones industriales.\",\"publisher\":{\"@id\":\"https:\/\/disoler.com\/#organization\"},\"potentialAction\":[{\"@type\":\"SearchAction\",\"target\":{\"@type\":\"EntryPoint\",\"urlTemplate\":\"https:\/\/disoler.com\/?s={search_term_string}\"},\"query-input\":\"required name=search_term_string\"}],\"inLanguage\":\"ca\"},{\"@type\":\"ImageObject\",\"@id\":\"https:\/\/disoler.com\/servicios\/reformas-banos\/#primaryimage\",\"inLanguage\":\"ca\",\"url\":\"https:\/\/disoler.com\/wp-content\/uploads\/2022\/03\/imagen_destacada-1.jpg\",\"contentUrl\":\"https:\/\/disoler.com\/wp-content\/uploads\/2022\/03\/imagen_destacada-1.jpg\",\"width\":1024,\"height\":683,\"caption\":\"Disoler Espais S.L.\"},{\"@type\":\"WebPage\",\"@id\":\"https:\/\/disoler.com\/servicios\/reformas-banos\/#webpage\",\"url\":\"https:\/\/disoler.com\/servicios\/reformas-banos\/\",\"name\":\"Reformas ba\u00f1os - Disoler Espais S.L.\",\"isPartOf\":{\"@id\":\"https:\/\/disoler.com\/#website\"},\"primaryImageOfPage\":{\"@id\":\"https:\/\/disoler.com\/servicios\/reformas-banos\/#primaryimage\"},\"datePublished\":\"2021-05-04T06:15:54+00:00\",\"dateModified\":\"2021-05-04T06:55:14+00:00\",\"breadcrumb\":{\"@id\":\"https:\/\/disoler.com\/servicios\/reformas-banos\/#breadcrumb\"},\"inLanguage\":\"ca\",\"potentialAction\":[{\"@type\":\"ReadAction\",\"target\":[\"https:\/\/disoler.com\/servicios\/reformas-banos\/\"]}]},{\"@type\":\"BreadcrumbList\",\"@id\":\"https:\/\/disoler.com\/servicios\/reformas-banos\/#breadcrumb\",\"itemListElement\":[{\"@type\":\"ListItem\",\"position\":1,\"name\":\"Home\",\"item\":\"https:\/\/disoler.com\/\"},{\"@type\":\"ListItem\",\"position\":2,\"name\":\"Servicios\",\"item\":\"https:\/\/disoler.com\/servicios\/\"},{\"@type\":\"ListItem\",\"position\":3,\"name\":\"Reformas ba\u00f1os\"}]}]}<\/script>\n<!-- \/ Yoast SEO plugin. -->","yoast_head_json":{"title":"Reformas ba\u00f1os - Disoler Espais S.L.","robots":{"index":"index","follow":"follow","max-snippet":"max-snippet:-1","max-image-preview":"max-image-preview:large","max-video-preview":"max-video-preview:-1"},"canonical":"https:\/\/disoler.com\/cat\/servicios\/reformas-banos\/","og_locale":"ca_ES","og_type":"article","og_title":"Reformas ba\u00f1os - Disoler Espais S.L.","og_description":"Reformas cocina Reformas ba\u00f1os Pavimentos y parquets [ reformas de interior ] Reformas ba\u00f1os \u00bfQuiere reformar su ba\u00f1o? \u00bfCambiar la ba\u00f1era por un plato de ducha?\u00bfAdaptar el ba\u00f1o para personas mayores? Nosotros le podemos ayudar. DISOLER ESPAIS realiza todo tipo ba\u00f1os, desde sencillos y funcionales hasta de dise\u00f1o con los mejores materiales. Nos ocupamos de [&hellip;]","og_url":"https:\/\/disoler.com\/cat\/servicios\/reformas-banos\/","og_site_name":"Disoler Espais S.L.","article_modified_time":"2021-05-04T06:55:14+00:00","twitter_card":"summary_large_image","twitter_image":"https:\/\/disoler.com\/wp-content\/uploads\/2021\/04\/logo_disoler_espais_final.svg","twitter_misc":{"Temps estimat de lectura":"1 minut"},"schema":{"@context":"https:\/\/schema.org","@graph":[{"@type":"Organization","@id":"https:\/\/disoler.com\/#organization","name":"Disoler Espais S.L.","url":"https:\/\/disoler.com\/","sameAs":[],"logo":{"@type":"ImageObject","@id":"https:\/\/disoler.com\/#logo","inLanguage":"ca","url":"https:\/\/disoler.com\/wp-content\/uploads\/2022\/03\/logo_disoler_espais_final.jpg","contentUrl":"https:\/\/disoler.com\/wp-content\/uploads\/2022\/03\/logo_disoler_espais_final.jpg","width":240,"height":99,"caption":"Disoler Espais S.L."},"image":{"@id":"https:\/\/disoler.com\/#logo"}},{"@type":"WebSite","@id":"https:\/\/disoler.com\/#website","url":"https:\/\/disoler.com\/","name":"Disoler Espais S.L.","description":"Edificaci\u00f3n residencial, edificios y grandes instalaciones industriales.","publisher":{"@id":"https:\/\/disoler.com\/#organization"},"potentialAction":[{"@type":"SearchAction","target":{"@type":"EntryPoint","urlTemplate":"https:\/\/disoler.com\/?s={search_term_string}"},"query-input":"required name=search_term_string"}],"inLanguage":"ca"},{"@type":"ImageObject","@id":"https:\/\/disoler.com\/servicios\/reformas-banos\/#primaryimage","inLanguage":"ca","url":"https:\/\/disoler.com\/wp-content\/uploads\/2022\/03\/imagen_destacada-1.jpg","contentUrl":"https:\/\/disoler.com\/wp-content\/uploads\/2022\/03\/imagen_destacada-1.jpg","width":1024,"height":683,"caption":"Disoler Espais S.L."},{"@type":"WebPage","@id":"https:\/\/disoler.com\/servicios\/reformas-banos\/#webpage","url":"https:\/\/disoler.com\/servicios\/reformas-banos\/","name":"Reformas ba\u00f1os - Disoler Espais S.L.","isPartOf":{"@id":"https:\/\/disoler.com\/#website"},"primaryImageOfPage":{"@id":"https:\/\/disoler.com\/servicios\/reformas-banos\/#primaryimage"},"datePublished":"2021-05-04T06:15:54+00:00","dateModified":"2021-05-04T06:55:14+00:00","breadcrumb":{"@id":"https:\/\/disoler.com\/servicios\/reformas-banos\/#breadcrumb"},"inLanguage":"ca","potentialAction":[{"@type":"ReadAction","target":["https:\/\/disoler.com\/servicios\/reformas-banos\/"]}]},{"@type":"BreadcrumbList","@id":"https:\/\/disoler.com\/servicios\/reformas-banos\/#breadcrumb","itemListElement":[{"@type":"ListItem","position":1,"name":"Home","item":"https:\/\/disoler.com\/"},{"@type":"ListItem","position":2,"name":"Servicios","item":"https:\/\/disoler.com\/servicios\/"},{"@type":"ListItem","position":3,"name":"Reformas ba\u00f1os"}]}]}},"_links":{"self":[{"href":"https:\/\/disoler.com\/cat\/wp-json\/wp\/v2\/pages\/5049"}],"collection":[{"href":"https:\/\/disoler.com\/cat\/wp-json\/wp\/v2\/pages"}],"about":[{"href":"https:\/\/disoler.com\/cat\/wp-json\/wp\/v2\/types\/page"}],"author":[{"embeddable":true,"href":"https:\/\/disoler.com\/cat\/wp-json\/wp\/v2\/users\/1"}],"replies":[{"embeddable":true,"href":"https:\/\/disoler.com\/cat\/wp-json\/wp\/v2\/comments?post=5049"}],"version-history":[{"count":14,"href":"https:\/\/disoler.com\/cat\/wp-json\/wp\/v2\/pages\/5049\/revisions"}],"predecessor-version":[{"id":5097,"href":"https:\/\/disoler.com\/cat\/wp-json\/wp\/v2\/pages\/5049\/revisions\/5097"}],"up":[{"embeddable":true,"href":"https:\/\/disoler.com\/cat\/wp-json\/wp\/v2\/pages\/4955"}],"wp:featuredmedia":[{"embeddable":true,"href":"https:\/\/disoler.com\/cat\/wp-json\/wp\/v2\/media\/5999"}],"wp:attachment":[{"href":"https:\/\/disoler.com\/cat\/wp-json\/wp\/v2\/media?parent=5049"}],"curies":[{"name":"wp","href":"https:\/\/api.w.org\/{rel}","templated":true}]}}