{"id":4664,"date":"2021-04-29T07:23:30","date_gmt":"2021-04-29T07:23:30","guid":{"rendered":"http:\/\/disoler.com\/dev\/?page_id=4664"},"modified":"2021-05-05T09:17:54","modified_gmt":"2021-05-05T09:17:54","slug":"proyectos","status":"publish","type":"page","link":"https:\/\/disoler.com\/es\/proyectos\/","title":{"rendered":"Proyectos"},"content":{"rendered":"\t\t<div data-elementor-type=\"wp-page\" data-elementor-id=\"4664\" class=\"elementor elementor-4664\" data-elementor-settings=\"[]\">\n\t\t\t\t\t\t\t<div class=\"elementor-section-wrap\">\n\t\t\t\t\t\t\t<section class=\"elementor-section elementor-top-section elementor-element elementor-element-51c7445 elementor-section-boxed elementor-section-height-default elementor-section-height-default\" data-id=\"51c7445\" data-element_type=\"section\">\n\t\t\t\t\t\t<div class=\"elementor-container elementor-column-gap-default\">\n\t\t\t\t\t<div class=\"elementor-column elementor-col-100 elementor-top-column elementor-element elementor-element-8f607c9 ot-flex-column-vertical\" data-id=\"8f607c9\" data-element_type=\"column\">\n\t\t\t<div class=\"elementor-widget-wrap elementor-element-populated\">\n\t\t\t\t\t\t\t\t<div class=\"elementor-element elementor-element-058bfbb theratio-align-center elementor-widget elementor-widget-iheading\" data-id=\"058bfbb\" data-element_type=\"widget\" data-widget_type=\"iheading.default\">\n\t\t\t\t<div class=\"elementor-widget-container\">\n\t\t\t\t\t<div class=\"ot-heading is-dots\">\r\n\t        \t            <span>[ nuestros proyectos ]<\/span>\r\n\t        \t        <h2 class=\"main-heading\">Algunos de nuestros trabajos<br> para nuestros clientes<\/h2>\r\n\t        \t    <\/div>\r\n\t    \t\t<\/div>\n\t\t\t\t<\/div>\n\t\t\t\t<div class=\"elementor-element elementor-element-bad7d6a elementor-widget elementor-widget-text-editor\" data-id=\"bad7d6a\" data-element_type=\"widget\" data-widget_type=\"text-editor.default\">\n\t\t\t\t<div class=\"elementor-widget-container\">\n\t\t\t\t\t\t\t<p>Nos avala la experiencia de haber trabajado en reformas de viviendas, locales, hoteles, restaurantes, etc. As\u00ed como trabajos de restauraci\u00f3n y reparaci\u00f3n de fachadas y cubiertas, o tr\u00e1mites legales y administrativos.<\/p>\t\t\t\t\t\t<\/div>\n\t\t\t\t<\/div>\n\t\t\t\t<div class=\"elementor-element elementor-element-0b5776c elementor-widget-divider--view-line elementor-widget elementor-widget-divider\" data-id=\"0b5776c\" data-element_type=\"widget\" data-widget_type=\"divider.default\">\n\t\t\t\t<div class=\"elementor-widget-container\">\n\t\t\t\t\t<div class=\"elementor-divider\">\n\t\t\t<span class=\"elementor-divider-separator\">\n\t\t\t\t\t\t<\/span>\n\t\t<\/div>\n\t\t\t\t<\/div>\n\t\t\t\t<\/div>\n\t\t\t\t<div class=\"elementor-element elementor-element-d386e2b elementor-widget elementor-widget-ipfilter\" data-id=\"d386e2b\" data-element_type=\"widget\" data-widget_type=\"ipfilter.default\">\n\t\t\t\t<div class=\"elementor-widget-container\">\n\t\t\t\r\n\t\t<div class=\"project-filter-wrapper\">\r\n\t\t\t\t        \t<div class=\"container\">\r\n\t        \t\t<ul class=\"project_filters\">\r\n\t        \t\t\t\t        \t\t\t \t<li><a href=\"#\" data-filter=\"*\" class=\"selected btn-details\">Ver todo<span class=\"filter-count\"><\/span><\/a><\/li>\r\n\t        \t\t\t\t\t                \t\t                    <li>\r\n\t\t\t\t\t\t\t\t<a class=\"btn-details\" href='#' data-filter='.category-16'>Arquitectura<span class=\"filter-count\"><\/span><\/a>\r\n\t\t\t\t\t\t\t<\/li>\t                    \r\n\t\t                \t\t                    <li>\r\n\t\t\t\t\t\t\t\t<a class=\"btn-details\" href='#' data-filter='.category-17'>Decoraci\u00f3n<span class=\"filter-count\"><\/span><\/a>\r\n\t\t\t\t\t\t\t<\/li>\t                    \r\n\t\t                \t\t                    <li>\r\n\t\t\t\t\t\t\t\t<a class=\"btn-details\" href='#' data-filter='.category-19'>Interior<span class=\"filter-count\"><\/span><\/a>\r\n\t\t\t\t\t\t\t<\/li>\t                    \r\n\t\t                \t\t\t\t\t<\/ul>\r\n\t\t\t\t<\/div>\r\n\t        \t\t\t\t        <div class=\"projects-grid pf_3_cols style-5 img-scale w-auto\" data-load=\"3\" data-count=\"12\">\r\n\t\t\t<div class=\"grid-sizer\"><\/div>\r\n\t            \r\n<div class=\"project-item category-16 category-19 \">\r\n\t<div class=\"projects-box\">\r\n\t\t<div class=\"projects-thumbnail\" data-src=\"https:\/\/disoler.com\/wp-content\/uploads\/2022\/02\/reforma_regente_mendieta_19.jpg\" data-sub-html=\"Les Corts\">\r\n\t\t\t<a href=\"https:\/\/disoler.com\/es\/portfolio\/regente-mendieta\/\">\r\n\t\t\t\t<img loading=\"lazy\" decoding=\"async\" width=\"720\" height=\"720\" src=\"https:\/\/disoler.com\/wp-content\/uploads\/2022\/02\/reforma_regente_mendieta_19-720x720.jpg\" class=\"attachment-theratio-portfolio-thumbnail-grid size-theratio-portfolio-thumbnail-grid wp-post-image\" alt=\"Carrer del Regente Mendieta\" srcset=\"https:\/\/disoler.com\/wp-content\/uploads\/2022\/02\/reforma_regente_mendieta_19-720x720.jpg 720w, https:\/\/disoler.com\/wp-content\/uploads\/2022\/02\/reforma_regente_mendieta_19-150x150.jpg 150w\" sizes=\"(max-width: 720px) 100vw, 720px\" \/>\t\t\t<\/a>\r\n\t\t\t\r\n\t\t\t<span class=\"overlay\">\r\n\t\t\t\t<h5>Les Corts<\/h5>\r\n\t\t\t\t<i class=\"ot-flaticon-add\"><\/i>\r\n\t\t\t<\/span>\r\n\t\t<\/div>\r\n\t\t<div class=\"portfolio-info\">\r\n\t\t\t<div class=\"portfolio-info-inner\">\r\n\t\t\t\t<h5><a class=\"title-link\" href=\"https:\/\/disoler.com\/es\/portfolio\/regente-mendieta\/\" data-src=\"https:\/\/disoler.com\/wp-content\/uploads\/2022\/02\/reforma_regente_mendieta_19.jpg\" data-sub-html=\"Les Corts\">Les Corts<\/a><\/h5>\r\n\t\t\t\t<p class=\"portfolio-cates\"><a href=\"https:\/\/disoler.com\/es\/portfolio-category\/arquitectura\/\">Arquitectura<\/a><a href=\"https:\/\/disoler.com\/es\/portfolio-category\/interior\/\">Interior<\/a><\/p> \r\n\t\t\t<\/div>\r\n\t\t\t<a class=\"overlay\" href=\"https:\/\/disoler.com\/es\/portfolio\/regente-mendieta\/\"><\/a>\r\n\t\t<\/div>\r\n\t<\/div>\r\n<\/div>\r\n<div class=\"project-item category-19 \">\r\n\t<div class=\"projects-box\">\r\n\t\t<div class=\"projects-thumbnail\" data-src=\"https:\/\/disoler.com\/wp-content\/uploads\/2021\/05\/passatge_prunera_01.jpg\" data-sub-html=\"Barrio de Gracia\">\r\n\t\t\t<a href=\"https:\/\/disoler.com\/es\/portfolio\/passatge-prunera\/\">\r\n\t\t\t\t<img loading=\"lazy\" decoding=\"async\" width=\"720\" height=\"720\" src=\"https:\/\/disoler.com\/wp-content\/uploads\/2021\/05\/passatge_prunera_01-720x720.jpg\" class=\"attachment-theratio-portfolio-thumbnail-grid size-theratio-portfolio-thumbnail-grid wp-post-image\" alt=\"\" srcset=\"https:\/\/disoler.com\/wp-content\/uploads\/2021\/05\/passatge_prunera_01-720x720.jpg 720w, https:\/\/disoler.com\/wp-content\/uploads\/2021\/05\/passatge_prunera_01-150x150.jpg 150w\" sizes=\"(max-width: 720px) 100vw, 720px\" \/>\t\t\t<\/a>\r\n\t\t\t\r\n\t\t\t<span class=\"overlay\">\r\n\t\t\t\t<h5>Barrio de Gracia<\/h5>\r\n\t\t\t\t<i class=\"ot-flaticon-add\"><\/i>\r\n\t\t\t<\/span>\r\n\t\t<\/div>\r\n\t\t<div class=\"portfolio-info\">\r\n\t\t\t<div class=\"portfolio-info-inner\">\r\n\t\t\t\t<h5><a class=\"title-link\" href=\"https:\/\/disoler.com\/es\/portfolio\/passatge-prunera\/\" data-src=\"https:\/\/disoler.com\/wp-content\/uploads\/2021\/05\/passatge_prunera_01.jpg\" data-sub-html=\"Barrio de Gracia\">Barrio de Gracia<\/a><\/h5>\r\n\t\t\t\t<p class=\"portfolio-cates\"><a href=\"https:\/\/disoler.com\/es\/portfolio-category\/interior\/\">Interior<\/a><\/p> \r\n\t\t\t<\/div>\r\n\t\t\t<a class=\"overlay\" href=\"https:\/\/disoler.com\/es\/portfolio\/passatge-prunera\/\"><\/a>\r\n\t\t<\/div>\r\n\t<\/div>\r\n<\/div>\r\n<div class=\"project-item category-17 category-19 \">\r\n\t<div class=\"projects-box\">\r\n\t\t<div class=\"projects-thumbnail\" data-src=\"https:\/\/disoler.com\/wp-content\/uploads\/2021\/04\/reforma_piso_bcn_16.jpg\" data-sub-html=\"Reforma piso BCN\">\r\n\t\t\t<a href=\"https:\/\/disoler.com\/es\/portfolio\/reforma-piso-bcn\/\">\r\n\t\t\t\t<img loading=\"lazy\" decoding=\"async\" width=\"720\" height=\"720\" src=\"https:\/\/disoler.com\/wp-content\/uploads\/2021\/04\/reforma_piso_bcn_16-720x720.jpg\" class=\"attachment-theratio-portfolio-thumbnail-grid size-theratio-portfolio-thumbnail-grid wp-post-image\" alt=\"\" srcset=\"https:\/\/disoler.com\/wp-content\/uploads\/2021\/04\/reforma_piso_bcn_16-720x720.jpg 720w, https:\/\/disoler.com\/wp-content\/uploads\/2021\/04\/reforma_piso_bcn_16-150x150.jpg 150w\" sizes=\"(max-width: 720px) 100vw, 720px\" \/>\t\t\t<\/a>\r\n\t\t\t\r\n\t\t\t<span class=\"overlay\">\r\n\t\t\t\t<h5>Reforma piso BCN<\/h5>\r\n\t\t\t\t<i class=\"ot-flaticon-add\"><\/i>\r\n\t\t\t<\/span>\r\n\t\t<\/div>\r\n\t\t<div class=\"portfolio-info\">\r\n\t\t\t<div class=\"portfolio-info-inner\">\r\n\t\t\t\t<h5><a class=\"title-link\" href=\"https:\/\/disoler.com\/es\/portfolio\/reforma-piso-bcn\/\" data-src=\"https:\/\/disoler.com\/wp-content\/uploads\/2021\/04\/reforma_piso_bcn_16.jpg\" data-sub-html=\"Reforma piso BCN\">Reforma piso BCN<\/a><\/h5>\r\n\t\t\t\t<p class=\"portfolio-cates\"><a href=\"https:\/\/disoler.com\/es\/portfolio-category\/decoracion\/\">Decoraci\u00f3n<\/a><a href=\"https:\/\/disoler.com\/es\/portfolio-category\/interior\/\">Interior<\/a><\/p> \r\n\t\t\t<\/div>\r\n\t\t\t<a class=\"overlay\" href=\"https:\/\/disoler.com\/es\/portfolio\/reforma-piso-bcn\/\"><\/a>\r\n\t\t<\/div>\r\n\t<\/div>\r\n<\/div>\r\n<div class=\"project-item category-16 category-19 \">\r\n\t<div class=\"projects-box\">\r\n\t\t<div class=\"projects-thumbnail\" data-src=\"https:\/\/disoler.com\/wp-content\/uploads\/2021\/04\/rehabilitacion_fachada_01.jpg\" data-sub-html=\"Rehabilitaci\u00f3n y remonta de fachada\">\r\n\t\t\t<a href=\"https:\/\/disoler.com\/es\/portfolio\/rehabilitacion-remonta-fachada\/\">\r\n\t\t\t\t<img loading=\"lazy\" decoding=\"async\" width=\"720\" height=\"720\" src=\"https:\/\/disoler.com\/wp-content\/uploads\/2021\/04\/rehabilitacion_fachada_01-720x720.jpg\" class=\"attachment-theratio-portfolio-thumbnail-grid size-theratio-portfolio-thumbnail-grid wp-post-image\" alt=\"\" srcset=\"https:\/\/disoler.com\/wp-content\/uploads\/2021\/04\/rehabilitacion_fachada_01-720x720.jpg 720w, https:\/\/disoler.com\/wp-content\/uploads\/2021\/04\/rehabilitacion_fachada_01-150x150.jpg 150w\" sizes=\"(max-width: 720px) 100vw, 720px\" \/>\t\t\t<\/a>\r\n\t\t\t\r\n\t\t\t<span class=\"overlay\">\r\n\t\t\t\t<h5>Rehabilitaci\u00f3n y remonta de fachada<\/h5>\r\n\t\t\t\t<i class=\"ot-flaticon-add\"><\/i>\r\n\t\t\t<\/span>\r\n\t\t<\/div>\r\n\t\t<div class=\"portfolio-info\">\r\n\t\t\t<div class=\"portfolio-info-inner\">\r\n\t\t\t\t<h5><a class=\"title-link\" href=\"https:\/\/disoler.com\/es\/portfolio\/rehabilitacion-remonta-fachada\/\" data-src=\"https:\/\/disoler.com\/wp-content\/uploads\/2021\/04\/rehabilitacion_fachada_01.jpg\" data-sub-html=\"Rehabilitaci\u00f3n y remonta de fachada\">Rehabilitaci\u00f3n y remonta de fachada<\/a><\/h5>\r\n\t\t\t\t<p class=\"portfolio-cates\"><a href=\"https:\/\/disoler.com\/es\/portfolio-category\/arquitectura\/\">Arquitectura<\/a><a href=\"https:\/\/disoler.com\/es\/portfolio-category\/interior\/\">Interior<\/a><\/p> \r\n\t\t\t<\/div>\r\n\t\t\t<a class=\"overlay\" href=\"https:\/\/disoler.com\/es\/portfolio\/rehabilitacion-remonta-fachada\/\"><\/a>\r\n\t\t<\/div>\r\n\t<\/div>\r\n<\/div>\r\n<div class=\"project-item category-16 \">\r\n\t<div class=\"projects-box\">\r\n\t\t<div class=\"projects-thumbnail\" data-src=\"https:\/\/disoler.com\/wp-content\/uploads\/2021\/04\/tres_edificios_11.jpg\" data-sub-html=\"Tres edificios, 69 viviendas\">\r\n\t\t\t<a href=\"https:\/\/disoler.com\/es\/portfolio\/tres-edificios-69-viviendas\/\">\r\n\t\t\t\t<img loading=\"lazy\" decoding=\"async\" width=\"720\" height=\"720\" src=\"https:\/\/disoler.com\/wp-content\/uploads\/2021\/04\/tres_edificios_11-720x720.jpg\" class=\"attachment-theratio-portfolio-thumbnail-grid size-theratio-portfolio-thumbnail-grid wp-post-image\" alt=\"\" srcset=\"https:\/\/disoler.com\/wp-content\/uploads\/2021\/04\/tres_edificios_11-720x720.jpg 720w, https:\/\/disoler.com\/wp-content\/uploads\/2021\/04\/tres_edificios_11-150x150.jpg 150w\" sizes=\"(max-width: 720px) 100vw, 720px\" \/>\t\t\t<\/a>\r\n\t\t\t\r\n\t\t\t<span class=\"overlay\">\r\n\t\t\t\t<h5>Tres edificios, 69 viviendas<\/h5>\r\n\t\t\t\t<i class=\"ot-flaticon-add\"><\/i>\r\n\t\t\t<\/span>\r\n\t\t<\/div>\r\n\t\t<div class=\"portfolio-info\">\r\n\t\t\t<div class=\"portfolio-info-inner\">\r\n\t\t\t\t<h5><a class=\"title-link\" href=\"https:\/\/disoler.com\/es\/portfolio\/tres-edificios-69-viviendas\/\" data-src=\"https:\/\/disoler.com\/wp-content\/uploads\/2021\/04\/tres_edificios_11.jpg\" data-sub-html=\"Tres edificios, 69 viviendas\">Tres edificios, 69 viviendas<\/a><\/h5>\r\n\t\t\t\t<p class=\"portfolio-cates\"><a href=\"https:\/\/disoler.com\/es\/portfolio-category\/arquitectura\/\">Arquitectura<\/a><\/p> \r\n\t\t\t<\/div>\r\n\t\t\t<a class=\"overlay\" href=\"https:\/\/disoler.com\/es\/portfolio\/tres-edificios-69-viviendas\/\"><\/a>\r\n\t\t<\/div>\r\n\t<\/div>\r\n<\/div>\r\n<div class=\"project-item category-16 \">\r\n\t<div class=\"projects-box\">\r\n\t\t<div class=\"projects-thumbnail\" data-src=\"https:\/\/disoler.com\/wp-content\/uploads\/2021\/04\/dos_edificios_09.jpg\" data-sub-html=\"Dos edificios, 84 viviendas\">\r\n\t\t\t<a href=\"https:\/\/disoler.com\/es\/portfolio\/dos-edificios-84-viviendas\/\">\r\n\t\t\t\t<img loading=\"lazy\" decoding=\"async\" width=\"720\" height=\"720\" src=\"https:\/\/disoler.com\/wp-content\/uploads\/2021\/04\/dos_edificios_09-720x720.jpg\" class=\"attachment-theratio-portfolio-thumbnail-grid size-theratio-portfolio-thumbnail-grid wp-post-image\" alt=\"\" srcset=\"https:\/\/disoler.com\/wp-content\/uploads\/2021\/04\/dos_edificios_09-720x720.jpg 720w, https:\/\/disoler.com\/wp-content\/uploads\/2021\/04\/dos_edificios_09-150x150.jpg 150w\" sizes=\"(max-width: 720px) 100vw, 720px\" \/>\t\t\t<\/a>\r\n\t\t\t\r\n\t\t\t<span class=\"overlay\">\r\n\t\t\t\t<h5>Dos edificios, 84 viviendas<\/h5>\r\n\t\t\t\t<i class=\"ot-flaticon-add\"><\/i>\r\n\t\t\t<\/span>\r\n\t\t<\/div>\r\n\t\t<div class=\"portfolio-info\">\r\n\t\t\t<div class=\"portfolio-info-inner\">\r\n\t\t\t\t<h5><a class=\"title-link\" href=\"https:\/\/disoler.com\/es\/portfolio\/dos-edificios-84-viviendas\/\" data-src=\"https:\/\/disoler.com\/wp-content\/uploads\/2021\/04\/dos_edificios_09.jpg\" data-sub-html=\"Dos edificios, 84 viviendas\">Dos edificios, 84 viviendas<\/a><\/h5>\r\n\t\t\t\t<p class=\"portfolio-cates\"><a href=\"https:\/\/disoler.com\/es\/portfolio-category\/arquitectura\/\">Arquitectura<\/a><\/p> \r\n\t\t\t<\/div>\r\n\t\t\t<a class=\"overlay\" href=\"https:\/\/disoler.com\/es\/portfolio\/dos-edificios-84-viviendas\/\"><\/a>\r\n\t\t<\/div>\r\n\t<\/div>\r\n<\/div>\t\t\t<\/div>\r\n\r\n\t\t\t<div class=\"btn-block\"><a href=\"#\" class=\"btn-loadmore octf-btn\" data-category=\"\" data-loaded=\"Ver m\u00e1s\" data-loading=\"Cargando\" data-style=\"grid\">Ver m\u00e1s<\/a><\/div>\t    <\/div>\r\n\t\t\t\t\t\t\t\t\t\t\r\n\t    \t\t<\/div>\n\t\t\t\t<\/div>\n\t\t\t\t\t<\/div>\n\t\t<\/div>\n\t\t\t\t\t\t\t<\/div>\n\t\t<\/section>\n\t\t\t\t\t\t<\/div>\n\t\t\t\t\t<\/div>\n\t\t","protected":false},"excerpt":{"rendered":"<p>[ nuestros proyectos ] Algunos de nuestros trabajos para nuestros clientes Nos avala la experiencia de haber trabajado en reformas de viviendas, locales, hoteles, restaurantes, etc. As\u00ed como trabajos de restauraci\u00f3n y reparaci\u00f3n de fachadas y cubiertas, o tr\u00e1mites legales y administrativos. Ver todo Arquitectura Decoraci\u00f3n Interior Mobiliario Passatge Prunera Passatge Prunera Interior Reforma piso [&hellip;]<\/p>\n","protected":false},"author":1,"featured_media":5999,"parent":0,"menu_order":0,"comment_status":"closed","ping_status":"closed","template":"","meta":{"footnotes":""},"yoast_head":"<!-- This site is optimized with the Yoast SEO plugin v18.3 - https:\/\/yoast.com\/wordpress\/plugins\/seo\/ -->\n<title>Proyectos - Disoler Espais S.L.<\/title>\n<meta name=\"robots\" content=\"index, follow, max-snippet:-1, max-image-preview:large, max-video-preview:-1\" \/>\n<link rel=\"canonical\" href=\"https:\/\/disoler.com\/es\/proyectos\/\" \/>\n<meta property=\"og:locale\" content=\"es_ES\" \/>\n<meta property=\"og:type\" content=\"article\" \/>\n<meta property=\"og:title\" content=\"Proyectos - Disoler Espais S.L.\" \/>\n<meta property=\"og:description\" content=\"[ nuestros proyectos ] Algunos de nuestros trabajos para nuestros clientes Nos avala la experiencia de haber trabajado en reformas de viviendas, locales, hoteles, restaurantes, etc. As\u00ed como trabajos de restauraci\u00f3n y reparaci\u00f3n de fachadas y cubiertas, o tr\u00e1mites legales y administrativos. Ver todo Arquitectura Decoraci\u00f3n Interior Mobiliario Passatge Prunera Passatge Prunera Interior Reforma piso [&hellip;]\" \/>\n<meta property=\"og:url\" content=\"https:\/\/disoler.com\/es\/proyectos\/\" \/>\n<meta property=\"og:site_name\" content=\"Disoler Espais S.L.\" \/>\n<meta property=\"article:modified_time\" content=\"2021-05-05T09:17:54+00:00\" \/>\n<meta name=\"twitter:card\" content=\"summary_large_image\" \/>\n<meta name=\"twitter:image\" content=\"https:\/\/disoler.com\/wp-content\/uploads\/2021\/04\/logo_disoler_espais_final.svg\" \/>\n<script type=\"application\/ld+json\" class=\"yoast-schema-graph\">{\"@context\":\"https:\/\/schema.org\",\"@graph\":[{\"@type\":\"Organization\",\"@id\":\"https:\/\/disoler.com\/#organization\",\"name\":\"Disoler Espais S.L.\",\"url\":\"https:\/\/disoler.com\/\",\"sameAs\":[],\"logo\":{\"@type\":\"ImageObject\",\"@id\":\"https:\/\/disoler.com\/#logo\",\"inLanguage\":\"es\",\"url\":\"https:\/\/disoler.com\/wp-content\/uploads\/2022\/03\/logo_disoler_espais_final.jpg\",\"contentUrl\":\"https:\/\/disoler.com\/wp-content\/uploads\/2022\/03\/logo_disoler_espais_final.jpg\",\"width\":240,\"height\":99,\"caption\":\"Disoler Espais S.L.\"},\"image\":{\"@id\":\"https:\/\/disoler.com\/#logo\"}},{\"@type\":\"WebSite\",\"@id\":\"https:\/\/disoler.com\/#website\",\"url\":\"https:\/\/disoler.com\/\",\"name\":\"Disoler Espais S.L.\",\"description\":\"Edificaci\u00f3n residencial, edificios y grandes instalaciones industriales.\",\"publisher\":{\"@id\":\"https:\/\/disoler.com\/#organization\"},\"potentialAction\":[{\"@type\":\"SearchAction\",\"target\":{\"@type\":\"EntryPoint\",\"urlTemplate\":\"https:\/\/disoler.com\/?s={search_term_string}\"},\"query-input\":\"required name=search_term_string\"}],\"inLanguage\":\"es\"},{\"@type\":\"ImageObject\",\"@id\":\"https:\/\/disoler.com\/proyectos\/#primaryimage\",\"inLanguage\":\"es\",\"url\":\"https:\/\/disoler.com\/wp-content\/uploads\/2022\/03\/imagen_destacada-1.jpg\",\"contentUrl\":\"https:\/\/disoler.com\/wp-content\/uploads\/2022\/03\/imagen_destacada-1.jpg\",\"width\":1024,\"height\":683,\"caption\":\"Disoler Espais S.L.\"},{\"@type\":\"WebPage\",\"@id\":\"https:\/\/disoler.com\/proyectos\/#webpage\",\"url\":\"https:\/\/disoler.com\/proyectos\/\",\"name\":\"Proyectos - Disoler Espais S.L.\",\"isPartOf\":{\"@id\":\"https:\/\/disoler.com\/#website\"},\"primaryImageOfPage\":{\"@id\":\"https:\/\/disoler.com\/proyectos\/#primaryimage\"},\"datePublished\":\"2021-04-29T07:23:30+00:00\",\"dateModified\":\"2021-05-05T09:17:54+00:00\",\"breadcrumb\":{\"@id\":\"https:\/\/disoler.com\/proyectos\/#breadcrumb\"},\"inLanguage\":\"es\",\"potentialAction\":[{\"@type\":\"ReadAction\",\"target\":[\"https:\/\/disoler.com\/proyectos\/\"]}]},{\"@type\":\"BreadcrumbList\",\"@id\":\"https:\/\/disoler.com\/proyectos\/#breadcrumb\",\"itemListElement\":[{\"@type\":\"ListItem\",\"position\":1,\"name\":\"Home\",\"item\":\"https:\/\/disoler.com\/\"},{\"@type\":\"ListItem\",\"position\":2,\"name\":\"Proyectos\"}]}]}<\/script>\n<!-- \/ Yoast SEO plugin. -->","yoast_head_json":{"title":"Proyectos - Disoler Espais S.L.","robots":{"index":"index","follow":"follow","max-snippet":"max-snippet:-1","max-image-preview":"max-image-preview:large","max-video-preview":"max-video-preview:-1"},"canonical":"https:\/\/disoler.com\/es\/proyectos\/","og_locale":"es_ES","og_type":"article","og_title":"Proyectos - Disoler Espais S.L.","og_description":"[ nuestros proyectos ] Algunos de nuestros trabajos para nuestros clientes Nos avala la experiencia de haber trabajado en reformas de viviendas, locales, hoteles, restaurantes, etc. As\u00ed como trabajos de restauraci\u00f3n y reparaci\u00f3n de fachadas y cubiertas, o tr\u00e1mites legales y administrativos. Ver todo Arquitectura Decoraci\u00f3n Interior Mobiliario Passatge Prunera Passatge Prunera Interior Reforma piso [&hellip;]","og_url":"https:\/\/disoler.com\/es\/proyectos\/","og_site_name":"Disoler Espais S.L.","article_modified_time":"2021-05-05T09:17:54+00:00","twitter_card":"summary_large_image","twitter_image":"https:\/\/disoler.com\/wp-content\/uploads\/2021\/04\/logo_disoler_espais_final.svg","schema":{"@context":"https:\/\/schema.org","@graph":[{"@type":"Organization","@id":"https:\/\/disoler.com\/#organization","name":"Disoler Espais S.L.","url":"https:\/\/disoler.com\/","sameAs":[],"logo":{"@type":"ImageObject","@id":"https:\/\/disoler.com\/#logo","inLanguage":"es","url":"https:\/\/disoler.com\/wp-content\/uploads\/2022\/03\/logo_disoler_espais_final.jpg","contentUrl":"https:\/\/disoler.com\/wp-content\/uploads\/2022\/03\/logo_disoler_espais_final.jpg","width":240,"height":99,"caption":"Disoler Espais S.L."},"image":{"@id":"https:\/\/disoler.com\/#logo"}},{"@type":"WebSite","@id":"https:\/\/disoler.com\/#website","url":"https:\/\/disoler.com\/","name":"Disoler Espais S.L.","description":"Edificaci\u00f3n residencial, edificios y grandes instalaciones industriales.","publisher":{"@id":"https:\/\/disoler.com\/#organization"},"potentialAction":[{"@type":"SearchAction","target":{"@type":"EntryPoint","urlTemplate":"https:\/\/disoler.com\/?s={search_term_string}"},"query-input":"required name=search_term_string"}],"inLanguage":"es"},{"@type":"ImageObject","@id":"https:\/\/disoler.com\/proyectos\/#primaryimage","inLanguage":"es","url":"https:\/\/disoler.com\/wp-content\/uploads\/2022\/03\/imagen_destacada-1.jpg","contentUrl":"https:\/\/disoler.com\/wp-content\/uploads\/2022\/03\/imagen_destacada-1.jpg","width":1024,"height":683,"caption":"Disoler Espais S.L."},{"@type":"WebPage","@id":"https:\/\/disoler.com\/proyectos\/#webpage","url":"https:\/\/disoler.com\/proyectos\/","name":"Proyectos - Disoler Espais S.L.","isPartOf":{"@id":"https:\/\/disoler.com\/#website"},"primaryImageOfPage":{"@id":"https:\/\/disoler.com\/proyectos\/#primaryimage"},"datePublished":"2021-04-29T07:23:30+00:00","dateModified":"2021-05-05T09:17:54+00:00","breadcrumb":{"@id":"https:\/\/disoler.com\/proyectos\/#breadcrumb"},"inLanguage":"es","potentialAction":[{"@type":"ReadAction","target":["https:\/\/disoler.com\/proyectos\/"]}]},{"@type":"BreadcrumbList","@id":"https:\/\/disoler.com\/proyectos\/#breadcrumb","itemListElement":[{"@type":"ListItem","position":1,"name":"Home","item":"https:\/\/disoler.com\/"},{"@type":"ListItem","position":2,"name":"Proyectos"}]}]}},"_links":{"self":[{"href":"https:\/\/disoler.com\/es\/wp-json\/wp\/v2\/pages\/4664"}],"collection":[{"href":"https:\/\/disoler.com\/es\/wp-json\/wp\/v2\/pages"}],"about":[{"href":"https:\/\/disoler.com\/es\/wp-json\/wp\/v2\/types\/page"}],"author":[{"embeddable":true,"href":"https:\/\/disoler.com\/es\/wp-json\/wp\/v2\/users\/1"}],"replies":[{"embeddable":true,"href":"https:\/\/disoler.com\/es\/wp-json\/wp\/v2\/comments?post=4664"}],"version-history":[{"count":17,"href":"https:\/\/disoler.com\/es\/wp-json\/wp\/v2\/pages\/4664\/revisions"}],"predecessor-version":[{"id":4947,"href":"https:\/\/disoler.com\/es\/wp-json\/wp\/v2\/pages\/4664\/revisions\/4947"}],"wp:featuredmedia":[{"embeddable":true,"href":"https:\/\/disoler.com\/es\/wp-json\/wp\/v2\/media\/5999"}],"wp:attachment":[{"href":"https:\/\/disoler.com\/es\/wp-json\/wp\/v2\/media?parent=4664"}],"curies":[{"name":"wp","href":"https:\/\/api.w.org\/{rel}","templated":true}]}}