{"id":5140,"date":"2021-05-04T07:25:31","date_gmt":"2021-05-04T07:25:31","guid":{"rendered":"http:\/\/disoler.com\/dev\/?page_id=5140"},"modified":"2022-03-10T07:58:56","modified_gmt":"2022-03-10T07:58:56","slug":"reformas-interiores-instalaciones","status":"publish","type":"page","link":"https:\/\/disoler.com\/es\/servicios\/reformas-interiores-instalaciones\/","title":{"rendered":"Reformas interiores: Instalaciones"},"content":{"rendered":"\t\t<div data-elementor-type=\"wp-page\" data-elementor-id=\"5140\" class=\"elementor elementor-5140\" data-elementor-settings=\"[]\">\n\t\t\t\t\t\t\t<div class=\"elementor-section-wrap\">\n\t\t\t\t\t\t\t<section class=\"elementor-section elementor-top-section elementor-element elementor-element-8807e2c elementor-section-boxed elementor-section-height-default elementor-section-height-default\" data-id=\"8807e2c\" data-element_type=\"section\">\n\t\t\t\t\t\t<div class=\"elementor-container elementor-column-gap-extended\">\n\t\t\t\t\t<div class=\"elementor-column elementor-col-50 elementor-top-column elementor-element elementor-element-1633759 ot-flex-column-vertical\" data-id=\"1633759\" data-element_type=\"column\">\n\t\t\t<div class=\"elementor-widget-wrap elementor-element-populated\">\n\t\t\t\t\t\t\t\t<div class=\"elementor-element elementor-element-7ee26a1 elementor-widget elementor-widget-imenu\" data-id=\"7ee26a1\" data-element_type=\"widget\" data-widget_type=\"imenu.default\">\n\t\t\t\t<div class=\"elementor-widget-container\">\n\t\t\t\t\t\t\t\t\t\t<nav class=\"vertical-main-navigation \">\t\t\t\r\n\t\t\t\t\t<ul id=\"menu-left\" class=\"menu\"><li id=\"menu-item-5030\" class=\"menu-item menu-item-type-post_type menu-item-object-page menu-item-5030\"><a href=\"https:\/\/disoler.com\/es\/servicios\/reformas-cocina\/\">Reformas cocina<\/a><\/li>\n<li id=\"menu-item-5052\" class=\"menu-item menu-item-type-post_type menu-item-object-page menu-item-5052\"><a href=\"https:\/\/disoler.com\/es\/servicios\/reformas-banos\/\">Reformas ba\u00f1os<\/a><\/li>\n<li id=\"menu-item-5080\" class=\"menu-item menu-item-type-post_type menu-item-object-page menu-item-5080\"><a href=\"https:\/\/disoler.com\/es\/servicios\/pavimentos-y-parquets\/\">Pavimentos y parquets<\/a><\/li>\n<li id=\"menu-item-5123\" class=\"menu-item menu-item-type-post_type menu-item-object-page menu-item-5123\"><a href=\"https:\/\/disoler.com\/es\/servicios\/pintura\/\">Pintura<\/a><\/li>\n<li id=\"menu-item-5135\" class=\"menu-item menu-item-type-post_type menu-item-object-page menu-item-5135\"><a href=\"https:\/\/disoler.com\/es\/servicios\/carpinteria\/\">Carpinter\u00eda<\/a><\/li>\n<li id=\"menu-item-5142\" class=\"menu-item menu-item-type-post_type menu-item-object-page menu-item-5142\"><a href=\"https:\/\/disoler.com\/es\/servicios\/reformas-interiores-instalaciones\/\">Reformas Interiores: Instalaciones<\/a><\/li>\n<li id=\"menu-item-5163\" class=\"menu-item menu-item-type-post_type menu-item-object-page menu-item-5163\"><a href=\"https:\/\/disoler.com\/es\/servicios\/reforma-y-disenno-de-oficinas\/\">Reforma y dise\u00f1o de oficinas<\/a><\/li>\n<li id=\"menu-item-5183\" class=\"menu-item menu-item-type-post_type menu-item-object-page menu-item-5183\"><a href=\"https:\/\/disoler.com\/es\/servicios\/proyectos-de-interiorrismo-y-disenno-de-espacios\/\">Interiorismo y dise\u00f1o de espacios<\/a><\/li>\n<li id=\"menu-item-5199\" class=\"menu-item menu-item-type-post_type menu-item-object-page menu-item-5199\"><a href=\"https:\/\/disoler.com\/es\/servicios\/reforma-de-locales\/\">Reformas de locales<\/a><\/li>\n<li id=\"menu-item-5221\" class=\"menu-item menu-item-type-post_type menu-item-object-page menu-item-5221\"><a href=\"https:\/\/disoler.com\/es\/servicios\/reformas-integrales-de-viviendas\/\">Reformas integrales de viviendas<\/a><\/li>\n<li id=\"menu-item-5233\" class=\"menu-item menu-item-type-post_type menu-item-object-page menu-item-5233\"><a href=\"https:\/\/disoler.com\/es\/servicios\/rehabilitacion-y-restauracion-de-fachadas\/\">Fachadas<\/a><\/li>\n<li id=\"menu-item-5250\" class=\"menu-item menu-item-type-post_type menu-item-object-page menu-item-5250\"><a href=\"https:\/\/disoler.com\/es\/servicios\/trabajos-en-escaleras-porterias-y-zonas-comunitarias\/\">Escaleras, porter\u00edas y zonas comunitarias<\/a><\/li>\n<li id=\"menu-item-5282\" class=\"menu-item menu-item-type-post_type menu-item-object-page menu-item-5282\"><a href=\"https:\/\/disoler.com\/es\/servicios\/patios-exteriores-terrazas-y-jardines\/\">Patios exteriores, terrazas y jardines<\/a><\/li>\n<li id=\"menu-item-5299\" class=\"menu-item menu-item-type-post_type menu-item-object-page menu-item-5299\"><a href=\"https:\/\/disoler.com\/es\/servicios\/reformas-exteriores-instalaciones\/\">Reformas exteriores: Instalaciones<\/a><\/li>\n<li id=\"menu-item-5328\" class=\"menu-item menu-item-type-post_type menu-item-object-page menu-item-5328\"><a href=\"https:\/\/disoler.com\/es\/servicios\/restauracion-y-reparacion-de-cubiertas\/\">Restauraci\u00f3n y reparaci\u00f3n y de cubiertas<\/a><\/li>\n<li id=\"menu-item-5336\" class=\"menu-item menu-item-type-post_type menu-item-object-page menu-item-5336\"><a href=\"https:\/\/disoler.com\/es\/servicios\/obra-nueva-construccion\/\">Obra nueva construcci\u00f3n<\/a><\/li>\n<\/ul>\t\t\t\t<\/nav>\r\n\t\t\t\t    \t\t<\/div>\n\t\t\t\t<\/div>\n\t\t\t\t\t<\/div>\n\t\t<\/div>\n\t\t\t\t<div class=\"elementor-column elementor-col-50 elementor-top-column elementor-element elementor-element-5716d59 ot-flex-column-vertical\" data-id=\"5716d59\" data-element_type=\"column\">\n\t\t\t<div class=\"elementor-widget-wrap elementor-element-populated\">\n\t\t\t\t\t\t\t\t<div class=\"elementor-element elementor-element-3719cf2 elementor-widget elementor-widget-iheading\" data-id=\"3719cf2\" data-element_type=\"widget\" data-widget_type=\"iheading.default\">\n\t\t\t\t<div class=\"elementor-widget-container\">\n\t\t\t\t\t<div class=\"ot-heading \">\r\n\t        \t            <span>[ reformas de interior ]<\/span>\r\n\t        \t        <h2 class=\"main-heading\">Reformas interiores: Instalaciones<\/h2>\r\n\t        \t    <\/div>\r\n\t    \t\t<\/div>\n\t\t\t\t<\/div>\n\t\t\t\t<div class=\"elementor-element elementor-element-809b381 elementor-widget elementor-widget-text-editor\" data-id=\"809b381\" data-element_type=\"widget\" data-widget_type=\"text-editor.default\">\n\t\t\t\t<div class=\"elementor-widget-container\">\n\t\t\t\t\t\t\t<p>En <strong>DISOLER ESPAIS <\/strong>realizamos reformas e instalaciones completas en empresas, reformas de locales comerciales y oficinas. Alicatados, solados, pladur, escayola, etc. Instalaci\u00f3n y reformas integrales de electricidad y fontaner\u00eda y todo lo que su empresa necesita para un buen funcionamiento.<\/p><p>\u00a0<\/p><p>Entendemos las necesidades de nuestros clientes, por ello, garantizamos la mejor atenci\u00f3n y el asesoramiento continuo en cada uno de los aspectos que involucran la reforma y dise\u00f1o de oficinas, iluminaci\u00f3n, optimizaci\u00f3n del espacio, fontaner\u00eda, insonorizaci\u00f3n, techos ac\u00fasticos&#8230;<\/p>\t\t\t\t\t\t<\/div>\n\t\t\t\t<\/div>\n\t\t\t\t<div class=\"elementor-element elementor-element-182f751 elementor-widget elementor-widget-theratio-image-carousel\" data-id=\"182f751\" data-element_type=\"widget\" data-widget_type=\"theratio-image-carousel.default\">\n\t\t\t\t<div class=\"elementor-widget-container\">\n\t\t\t\r\n\t\t<div class=\"image-carousel swiper-container\" data-slider_options=\"{&quot;slides_show_desktop&quot;:4,&quot;slides_show_tablet&quot;:4,&quot;slides_show_mobile&quot;:4,&quot;slides_scroll_desktop&quot;:1,&quot;slides_scroll_tablet&quot;:1,&quot;slides_scroll_mobile&quot;:1,&quot;margin_desktop&quot;:30,&quot;margin_tablet&quot;:30,&quot;margin_mobile&quot;:30,&quot;arrows&quot;:false,&quot;dots&quot;:true}\"  >\t\t\t\r\n\t\t\t<div class=\"swiper-wrapper\">\r\n\t\t        <div class=\"swiper-slide\"><div class=\"img-item\"><figure><img decoding=\"async\" src=\"https:\/\/disoler.com\/wp-content\/uploads\/2021\/05\/instalaciones_02.jpg\" alt=\"\"><\/figure><\/div><\/div><div class=\"swiper-slide\"><div class=\"img-item\"><figure><img decoding=\"async\" src=\"https:\/\/disoler.com\/wp-content\/uploads\/2021\/05\/instalaciones_03.jpg\" alt=\"\"><\/figure><\/div><\/div><div class=\"swiper-slide\"><div class=\"img-item\"><figure><img decoding=\"async\" src=\"https:\/\/disoler.com\/wp-content\/uploads\/2021\/05\/instalaciones_04.jpg\" alt=\"\"><\/figure><\/div><\/div><div class=\"swiper-slide\"><div class=\"img-item\"><figure><img decoding=\"async\" src=\"https:\/\/disoler.com\/wp-content\/uploads\/2021\/05\/instalaciones_05.jpg\" alt=\"\"><\/figure><\/div><\/div><div class=\"swiper-slide\"><div class=\"img-item\"><figure><img decoding=\"async\" src=\"https:\/\/disoler.com\/wp-content\/uploads\/2021\/05\/instalaciones_07.jpg\" alt=\"\"><\/figure><\/div><\/div>\t\t    <\/div>\r\n\r\n\t\t\t\t\t\t<!-- Add Dots -->\r\n\t\t\t<div class=\"octf-swiper-pagination\"><\/div>\r\n\t\t\t\t\t\t\t    <\/div>\r\n\t\t\t\t<\/div>\n\t\t\t\t<\/div>\n\t\t\t\t<div class=\"elementor-element elementor-element-325c8a2 elementor-widget elementor-widget-image\" data-id=\"325c8a2\" data-element_type=\"widget\" data-widget_type=\"image.default\">\n\t\t\t\t<div class=\"elementor-widget-container\">\n\t\t\t\t\t\t\t\t\t\t\t\t\t\t\t<img loading=\"lazy\" decoding=\"async\" width=\"1375\" height=\"1000\" src=\"https:\/\/disoler.com\/wp-content\/uploads\/2021\/05\/instalaciones_06.jpg\" class=\"attachment-full size-full\" alt=\"\" srcset=\"https:\/\/disoler.com\/wp-content\/uploads\/2021\/05\/instalaciones_06.jpg 1375w, https:\/\/disoler.com\/wp-content\/uploads\/2021\/05\/instalaciones_06-300x218.jpg 300w, https:\/\/disoler.com\/wp-content\/uploads\/2021\/05\/instalaciones_06-1024x745.jpg 1024w, https:\/\/disoler.com\/wp-content\/uploads\/2021\/05\/instalaciones_06-768x559.jpg 768w\" sizes=\"(max-width: 1375px) 100vw, 1375px\" \/>\t\t\t\t\t\t\t\t\t\t\t\t\t\t\t<\/div>\n\t\t\t\t<\/div>\n\t\t\t\t\t<\/div>\n\t\t<\/div>\n\t\t\t\t\t\t\t<\/div>\n\t\t<\/section>\n\t\t\t\t\t\t<\/div>\n\t\t\t\t\t<\/div>\n\t\t","protected":false},"excerpt":{"rendered":"<p>Reformas cocina Reformas ba\u00f1os Pavimentos y parquets Pintura Carpinter\u00eda Reformas Interiores: Instalaciones Reforma y dise\u00f1o de oficinas Interiorismo y dise\u00f1o de espacios Reformas de locales Reformas integrales de viviendas Fachadas Escaleras, porter\u00edas y zonas comunitarias Patios exteriores, terrazas y jardines Reformas exteriores: Instalaciones Restauraci\u00f3n y reparaci\u00f3n y de cubiertas Obra nueva construcci\u00f3n [ reformas de [&hellip;]<\/p>\n","protected":false},"author":1,"featured_media":5999,"parent":4955,"menu_order":0,"comment_status":"closed","ping_status":"closed","template":"","meta":{"footnotes":""},"yoast_head":"<!-- This site is optimized with the Yoast SEO plugin v18.3 - https:\/\/yoast.com\/wordpress\/plugins\/seo\/ -->\n<title>Reformas interiores: Instalaciones - Disoler Espais S.L.<\/title>\n<meta name=\"robots\" content=\"index, follow, max-snippet:-1, max-image-preview:large, max-video-preview:-1\" \/>\n<link rel=\"canonical\" href=\"https:\/\/disoler.com\/es\/servicios\/reformas-interiores-instalaciones\/\" \/>\n<meta property=\"og:locale\" content=\"es_ES\" \/>\n<meta property=\"og:type\" content=\"article\" \/>\n<meta property=\"og:title\" content=\"Reformas interiores: Instalaciones - Disoler Espais S.L.\" \/>\n<meta property=\"og:description\" content=\"Reformas cocina Reformas ba\u00f1os Pavimentos y parquets Pintura Carpinter\u00eda Reformas Interiores: Instalaciones Reforma y dise\u00f1o de oficinas Interiorismo y dise\u00f1o de espacios Reformas de locales Reformas integrales de viviendas Fachadas Escaleras, porter\u00edas y zonas comunitarias Patios exteriores, terrazas y jardines Reformas exteriores: Instalaciones Restauraci\u00f3n y reparaci\u00f3n y de cubiertas Obra nueva construcci\u00f3n [ reformas de [&hellip;]\" \/>\n<meta property=\"og:url\" content=\"https:\/\/disoler.com\/es\/servicios\/reformas-interiores-instalaciones\/\" \/>\n<meta property=\"og:site_name\" content=\"Disoler Espais S.L.\" \/>\n<meta property=\"article:modified_time\" content=\"2022-03-10T07:58:56+00:00\" \/>\n<meta name=\"twitter:card\" content=\"summary_large_image\" \/>\n<meta name=\"twitter:image\" content=\"https:\/\/disoler.com\/wp-content\/uploads\/2021\/04\/logo_disoler_espais_final.svg\" \/>\n<meta name=\"twitter:label1\" content=\"Tiempo de lectura\" \/>\n\t<meta name=\"twitter:data1\" content=\"4 minutos\" \/>\n<script type=\"application\/ld+json\" class=\"yoast-schema-graph\">{\"@context\":\"https:\/\/schema.org\",\"@graph\":[{\"@type\":\"Organization\",\"@id\":\"https:\/\/disoler.com\/#organization\",\"name\":\"Disoler Espais S.L.\",\"url\":\"https:\/\/disoler.com\/\",\"sameAs\":[],\"logo\":{\"@type\":\"ImageObject\",\"@id\":\"https:\/\/disoler.com\/#logo\",\"inLanguage\":\"es\",\"url\":\"https:\/\/disoler.com\/wp-content\/uploads\/2022\/03\/logo_disoler_espais_final.jpg\",\"contentUrl\":\"https:\/\/disoler.com\/wp-content\/uploads\/2022\/03\/logo_disoler_espais_final.jpg\",\"width\":240,\"height\":99,\"caption\":\"Disoler Espais S.L.\"},\"image\":{\"@id\":\"https:\/\/disoler.com\/#logo\"}},{\"@type\":\"WebSite\",\"@id\":\"https:\/\/disoler.com\/#website\",\"url\":\"https:\/\/disoler.com\/\",\"name\":\"Disoler Espais S.L.\",\"description\":\"Edificaci\u00f3n residencial, edificios y grandes instalaciones industriales.\",\"publisher\":{\"@id\":\"https:\/\/disoler.com\/#organization\"},\"potentialAction\":[{\"@type\":\"SearchAction\",\"target\":{\"@type\":\"EntryPoint\",\"urlTemplate\":\"https:\/\/disoler.com\/?s={search_term_string}\"},\"query-input\":\"required name=search_term_string\"}],\"inLanguage\":\"es\"},{\"@type\":\"ImageObject\",\"@id\":\"https:\/\/disoler.com\/servicios\/reformas-interiores-instalaciones\/#primaryimage\",\"inLanguage\":\"es\",\"url\":\"https:\/\/disoler.com\/wp-content\/uploads\/2022\/03\/imagen_destacada-1.jpg\",\"contentUrl\":\"https:\/\/disoler.com\/wp-content\/uploads\/2022\/03\/imagen_destacada-1.jpg\",\"width\":1024,\"height\":683,\"caption\":\"Disoler Espais S.L.\"},{\"@type\":\"WebPage\",\"@id\":\"https:\/\/disoler.com\/servicios\/reformas-interiores-instalaciones\/#webpage\",\"url\":\"https:\/\/disoler.com\/servicios\/reformas-interiores-instalaciones\/\",\"name\":\"Reformas interiores: Instalaciones - Disoler Espais S.L.\",\"isPartOf\":{\"@id\":\"https:\/\/disoler.com\/#website\"},\"primaryImageOfPage\":{\"@id\":\"https:\/\/disoler.com\/servicios\/reformas-interiores-instalaciones\/#primaryimage\"},\"datePublished\":\"2021-05-04T07:25:31+00:00\",\"dateModified\":\"2022-03-10T07:58:56+00:00\",\"breadcrumb\":{\"@id\":\"https:\/\/disoler.com\/servicios\/reformas-interiores-instalaciones\/#breadcrumb\"},\"inLanguage\":\"es\",\"potentialAction\":[{\"@type\":\"ReadAction\",\"target\":[\"https:\/\/disoler.com\/servicios\/reformas-interiores-instalaciones\/\"]}]},{\"@type\":\"BreadcrumbList\",\"@id\":\"https:\/\/disoler.com\/servicios\/reformas-interiores-instalaciones\/#breadcrumb\",\"itemListElement\":[{\"@type\":\"ListItem\",\"position\":1,\"name\":\"Home\",\"item\":\"https:\/\/disoler.com\/\"},{\"@type\":\"ListItem\",\"position\":2,\"name\":\"Servicios\",\"item\":\"https:\/\/disoler.com\/servicios\/\"},{\"@type\":\"ListItem\",\"position\":3,\"name\":\"Reformas interiores: Instalaciones\"}]}]}<\/script>\n<!-- \/ Yoast SEO plugin. -->","yoast_head_json":{"title":"Reformas interiores: Instalaciones - Disoler Espais S.L.","robots":{"index":"index","follow":"follow","max-snippet":"max-snippet:-1","max-image-preview":"max-image-preview:large","max-video-preview":"max-video-preview:-1"},"canonical":"https:\/\/disoler.com\/es\/servicios\/reformas-interiores-instalaciones\/","og_locale":"es_ES","og_type":"article","og_title":"Reformas interiores: Instalaciones - Disoler Espais S.L.","og_description":"Reformas cocina Reformas ba\u00f1os Pavimentos y parquets Pintura Carpinter\u00eda Reformas Interiores: Instalaciones Reforma y dise\u00f1o de oficinas Interiorismo y dise\u00f1o de espacios Reformas de locales Reformas integrales de viviendas Fachadas Escaleras, porter\u00edas y zonas comunitarias Patios exteriores, terrazas y jardines Reformas exteriores: Instalaciones Restauraci\u00f3n y reparaci\u00f3n y de cubiertas Obra nueva construcci\u00f3n [ reformas de [&hellip;]","og_url":"https:\/\/disoler.com\/es\/servicios\/reformas-interiores-instalaciones\/","og_site_name":"Disoler Espais S.L.","article_modified_time":"2022-03-10T07:58:56+00:00","twitter_card":"summary_large_image","twitter_image":"https:\/\/disoler.com\/wp-content\/uploads\/2021\/04\/logo_disoler_espais_final.svg","twitter_misc":{"Tiempo de lectura":"4 minutos"},"schema":{"@context":"https:\/\/schema.org","@graph":[{"@type":"Organization","@id":"https:\/\/disoler.com\/#organization","name":"Disoler Espais S.L.","url":"https:\/\/disoler.com\/","sameAs":[],"logo":{"@type":"ImageObject","@id":"https:\/\/disoler.com\/#logo","inLanguage":"es","url":"https:\/\/disoler.com\/wp-content\/uploads\/2022\/03\/logo_disoler_espais_final.jpg","contentUrl":"https:\/\/disoler.com\/wp-content\/uploads\/2022\/03\/logo_disoler_espais_final.jpg","width":240,"height":99,"caption":"Disoler Espais S.L."},"image":{"@id":"https:\/\/disoler.com\/#logo"}},{"@type":"WebSite","@id":"https:\/\/disoler.com\/#website","url":"https:\/\/disoler.com\/","name":"Disoler Espais S.L.","description":"Edificaci\u00f3n residencial, edificios y grandes instalaciones industriales.","publisher":{"@id":"https:\/\/disoler.com\/#organization"},"potentialAction":[{"@type":"SearchAction","target":{"@type":"EntryPoint","urlTemplate":"https:\/\/disoler.com\/?s={search_term_string}"},"query-input":"required name=search_term_string"}],"inLanguage":"es"},{"@type":"ImageObject","@id":"https:\/\/disoler.com\/servicios\/reformas-interiores-instalaciones\/#primaryimage","inLanguage":"es","url":"https:\/\/disoler.com\/wp-content\/uploads\/2022\/03\/imagen_destacada-1.jpg","contentUrl":"https:\/\/disoler.com\/wp-content\/uploads\/2022\/03\/imagen_destacada-1.jpg","width":1024,"height":683,"caption":"Disoler Espais S.L."},{"@type":"WebPage","@id":"https:\/\/disoler.com\/servicios\/reformas-interiores-instalaciones\/#webpage","url":"https:\/\/disoler.com\/servicios\/reformas-interiores-instalaciones\/","name":"Reformas interiores: Instalaciones - Disoler Espais S.L.","isPartOf":{"@id":"https:\/\/disoler.com\/#website"},"primaryImageOfPage":{"@id":"https:\/\/disoler.com\/servicios\/reformas-interiores-instalaciones\/#primaryimage"},"datePublished":"2021-05-04T07:25:31+00:00","dateModified":"2022-03-10T07:58:56+00:00","breadcrumb":{"@id":"https:\/\/disoler.com\/servicios\/reformas-interiores-instalaciones\/#breadcrumb"},"inLanguage":"es","potentialAction":[{"@type":"ReadAction","target":["https:\/\/disoler.com\/servicios\/reformas-interiores-instalaciones\/"]}]},{"@type":"BreadcrumbList","@id":"https:\/\/disoler.com\/servicios\/reformas-interiores-instalaciones\/#breadcrumb","itemListElement":[{"@type":"ListItem","position":1,"name":"Home","item":"https:\/\/disoler.com\/"},{"@type":"ListItem","position":2,"name":"Servicios","item":"https:\/\/disoler.com\/servicios\/"},{"@type":"ListItem","position":3,"name":"Reformas interiores: Instalaciones"}]}]}},"_links":{"self":[{"href":"https:\/\/disoler.com\/es\/wp-json\/wp\/v2\/pages\/5140"}],"collection":[{"href":"https:\/\/disoler.com\/es\/wp-json\/wp\/v2\/pages"}],"about":[{"href":"https:\/\/disoler.com\/es\/wp-json\/wp\/v2\/types\/page"}],"author":[{"embeddable":true,"href":"https:\/\/disoler.com\/es\/wp-json\/wp\/v2\/users\/1"}],"replies":[{"embeddable":true,"href":"https:\/\/disoler.com\/es\/wp-json\/wp\/v2\/comments?post=5140"}],"version-history":[{"count":21,"href":"https:\/\/disoler.com\/es\/wp-json\/wp\/v2\/pages\/5140\/revisions"}],"predecessor-version":[{"id":5974,"href":"https:\/\/disoler.com\/es\/wp-json\/wp\/v2\/pages\/5140\/revisions\/5974"}],"up":[{"embeddable":true,"href":"https:\/\/disoler.com\/es\/wp-json\/wp\/v2\/pages\/4955"}],"wp:featuredmedia":[{"embeddable":true,"href":"https:\/\/disoler.com\/es\/wp-json\/wp\/v2\/media\/5999"}],"wp:attachment":[{"href":"https:\/\/disoler.com\/es\/wp-json\/wp\/v2\/media?parent=5140"}],"curies":[{"name":"wp","href":"https:\/\/api.w.org\/{rel}","templated":true}]}}